{"id":487,"date":"2025-11-11T10:53:24","date_gmt":"2025-11-11T10:53:24","guid":{"rendered":"https:\/\/dentofficial.com\/our-doctors\/"},"modified":"2025-12-07T21:56:43","modified_gmt":"2025-12-07T21:56:43","slug":"our-doctors","status":"publish","type":"page","link":"https:\/\/dentofficial.com\/en\/our-doctors\/","title":{"rendered":"Medical Team"},"content":{"rendered":"\n<div class=\"wp-block-media-text alignwide has-media-on-the-right is-stacked-on-mobile is-vertically-aligned-center has-palette-color-5-background-color has-background\" style=\"border-radius:100px\"><div class=\"wp-block-media-text__content\">\n<div class=\"wp-block-group is-layout-flow wp-block-group-is-layout-flow\" style=\"padding-top:2em;padding-right:2em;padding-bottom:2em;padding-left:2em\">\n<p style=\"font-size:clamp(22.041px, 1.378rem + ((1vw - 3.2px) * 1.091), 36px);line-height:1.2\"><strong>Dr. F\u0131rat Toktam\u0131\u015fo\u011flu <\/strong><\/p>\n\n\n\n<p class=\"has-text-align-left has-extra-small-font-size\"><strong>Founding Dentist | Dentofficial Oral and Dental Health Polyclinic<\/strong><\/p>\n\n\n\n<p><strong>Education:<\/strong><\/p>\n\n\n\n<p>Graduated from Sel\u00e7uk University, Faculty of Dentistry (Konya, 2014).<\/p>\n\n\n\n<p><strong>Career Background:<\/strong><\/p>\n\n\n\n<ul class=\"wp-block-list\">\n<li>2014 \u2013 2016 | Private Dental Polyclinics: Gained clinical experience in general, restorative, and surgical dentistry at various private polyclinics.<\/li>\n\n\n\n<li>Private Practice: Operated his own practice, focusing on aesthetic dentistry and implantology.<\/li>\n\n\n\n<li>2019 \u2013 Present | Dentofficial Oral and Dental Health Polyclinic: As a founding dentist of Dentofficial Polyclinic, Dr. Toktam\u0131\u015fo\u011flu has played a key role in establishing it as a recognized international brand. He specializes in implant surgery, advanced oral surgical procedures, and aesthetic smile design. <\/li>\n<\/ul>\n\n\n\n<p><strong>Certifications:<\/strong><\/p>\n\n\n\n<ul class=\"wp-block-list\">\n<li>\u0130mplantoloji ve \u0130leri Cerrahi Sertifikas\u0131<\/li>\n\n\n\n<li>Hollywood Smile &amp; Aesthetic Smile Design Certification<\/li>\n<\/ul>\n\n\n\n<p><strong>Professional Interests:<\/strong><\/p>\n\n\n\n<ul class=\"wp-block-list\">\n<li>Implantology and Advanced Oral Surgery Certification<\/li>\n\n\n\n<li>Sinus lifting and bone grafting procedures<\/li>\n\n\n\n<li>Digital Smile Design and aesthetic rehabilitatio.<\/li>\n\n\n\n<li>Implant-supported prosthetic planning<\/li>\n<\/ul>\n\n\n\n<p><strong>Languages:<\/strong><\/p>\n\n\n\n<p>Turkish, English<\/p>\n\n\n\n<p><strong>Vision:<\/strong><\/p>\n\n\n\n<p class=\"has-text-align-left has-extra-small-font-size\">Dr. F\u0131rat Toktam\u0131\u015fo\u011flu aims to harmonize function and aesthetics to deliver long-lasting, natural, and personalized results. Within the scope of health tourism, he is committed to providing international patients with a safe, comfortable, and high-quality dental experience that meets global standards.  <\/p>\n<\/div>\n<\/div><figure class=\"wp-block-media-text__media\"><img loading=\"lazy\" decoding=\"async\" width=\"576\" height=\"1024\" src=\"https:\/\/dentofficial.com\/wp-content\/uploads\/2025\/10\/Firat-Toktamisoglu-2-576x1024.jpeg\" alt=\"\" class=\"wp-image-399 size-full\" srcset=\"https:\/\/dentofficial.com\/wp-content\/uploads\/2025\/10\/Firat-Toktamisoglu-2-576x1024.jpeg 576w, https:\/\/dentofficial.com\/wp-content\/uploads\/2025\/10\/Firat-Toktamisoglu-2-169x300.jpeg 169w, https:\/\/dentofficial.com\/wp-content\/uploads\/2025\/10\/Firat-Toktamisoglu-2-768x1365.jpeg 768w, https:\/\/dentofficial.com\/wp-content\/uploads\/2025\/10\/Firat-Toktamisoglu-2-864x1536.jpeg 864w, https:\/\/dentofficial.com\/wp-content\/uploads\/2025\/10\/Firat-Toktamisoglu-2.jpeg 1080w\" sizes=\"auto, (max-width: 576px) 100vw, 576px\" \/><\/figure><\/div>\n\n<div class=\"wp-block-media-text alignwide is-stacked-on-mobile is-vertically-aligned-center has-palette-color-6-background-color has-background\" style=\"border-radius:100px\"><figure class=\"wp-block-media-text__media\"><img loading=\"lazy\" decoding=\"async\" width=\"576\" height=\"1024\" src=\"https:\/\/dentofficial.com\/wp-content\/uploads\/2025\/10\/Bugra-Cakir-576x1024.jpeg\" alt=\"\" class=\"wp-image-403 size-full\" srcset=\"https:\/\/dentofficial.com\/wp-content\/uploads\/2025\/10\/Bugra-Cakir-576x1024.jpeg 576w, https:\/\/dentofficial.com\/wp-content\/uploads\/2025\/10\/Bugra-Cakir-169x300.jpeg 169w, https:\/\/dentofficial.com\/wp-content\/uploads\/2025\/10\/Bugra-Cakir-768x1365.jpeg 768w, https:\/\/dentofficial.com\/wp-content\/uploads\/2025\/10\/Bugra-Cakir-864x1536.jpeg 864w, https:\/\/dentofficial.com\/wp-content\/uploads\/2025\/10\/Bugra-Cakir.jpeg 1080w\" sizes=\"auto, (max-width: 576px) 100vw, 576px\" \/><\/figure><div class=\"wp-block-media-text__content\">\n<div class=\"wp-block-group is-layout-flow wp-block-group-is-layout-flow\" style=\"padding-top:2em;padding-right:2em;padding-bottom:2em;padding-left:2em\">\n<p style=\"font-size:clamp(22.041px, 1.378rem + ((1vw - 3.2px) * 1.091), 36px);line-height:1.2\"><strong>Dr.Bu\u011fra Can \u00c7ak\u0131r<\/strong><\/p>\n\n\n\n<p class=\"has-extra-small-font-size\"><strong>Founding Dentist | Dentofficial Oral and Dental Health Polyclinic<\/strong><\/p>\n\n\n\n<p><strong>Education<\/strong><\/p>\n\n\n\n<p>2018 \u2014 Istanbul Ayd\u0131n University, Faculty of Dentistry<\/p>\n\n\n\n<p><strong>Career Background<\/strong><\/p>\n\n\n\n<ul class=\"wp-block-list\">\n<li>2018 \u2013 2019 | \u00c7aml\u0131k Medical Center: Clinical experience in general dentistry.<\/li>\n\n\n\n<li>2019 \u2013 Present | Dentofficial Oral and Dental Health Polyclinic: As a founding dentist, he provides care in aesthetic dentistry, implant-supported restorations, and smile design.<\/li>\n<\/ul>\n\n\n\n<p><strong>Certifications<\/strong><\/p>\n\n\n\n<ul class=\"wp-block-list\">\n<li>Implant-Supported Prosthesis Certification<\/li>\n\n\n\n<li><br\/>Hollywood Smile (Aesthetic Smile Design) Certification<br\/><\/li>\n<\/ul>\n\n\n\n<p><strong>Professional Interests<\/strong><\/p>\n\n\n\n<ul class=\"wp-block-list\">\n<li>Zirconium and porcelain aesthetic restorations<\/li>\n\n\n\n<li>Digital Smile Design<\/li>\n\n\n\n<li>Implant-supported functional restorations<\/li>\n\n\n\n<li>Composite bonding and aesthetic fillings<\/li>\n<\/ul>\n\n\n\n<p><strong>Languages<\/strong><\/p>\n\n\n\n<p>Turkish, English<\/p>\n\n\n\n<p><strong>Vision<\/strong><\/p>\n\n\n\n<p class=\"has-extra-small-font-size\">Dr. Bu\u011fra \u00c7ak\u0131r combines aesthetic and functional dentistry to deliver natural, long-lasting, and personalized outcomes. Within health tourism, he aims to provide international patients with a safe, comfortable treatment journey that meets global standards.  <\/p>\n<\/div>\n<\/div><\/div>\n\n<p><\/p>\n","protected":false},"excerpt":{"rendered":"","protected":false},"author":3,"featured_media":0,"parent":0,"menu_order":0,"comment_status":"closed","ping_status":"closed","template":"","meta":{"_gspb_post_css":"","footnotes":""},"class_list":["post-487","page","type-page","status-publish","hentry"],"blocksy_meta":[],"_links":{"self":[{"href":"https:\/\/dentofficial.com\/en\/wp-json\/wp\/v2\/pages\/487","targetHints":{"allow":["GET"]}}],"collection":[{"href":"https:\/\/dentofficial.com\/en\/wp-json\/wp\/v2\/pages"}],"about":[{"href":"https:\/\/dentofficial.com\/en\/wp-json\/wp\/v2\/types\/page"}],"author":[{"embeddable":true,"href":"https:\/\/dentofficial.com\/en\/wp-json\/wp\/v2\/users\/3"}],"replies":[{"embeddable":true,"href":"https:\/\/dentofficial.com\/en\/wp-json\/wp\/v2\/comments?post=487"}],"version-history":[{"count":10,"href":"https:\/\/dentofficial.com\/en\/wp-json\/wp\/v2\/pages\/487\/revisions"}],"predecessor-version":[{"id":548,"href":"https:\/\/dentofficial.com\/en\/wp-json\/wp\/v2\/pages\/487\/revisions\/548"}],"wp:attachment":[{"href":"https:\/\/dentofficial.com\/en\/wp-json\/wp\/v2\/media?parent=487"}],"curies":[{"name":"wp","href":"https:\/\/api.w.org\/{rel}","templated":true}]}}